{"id":3312,"date":"2026-03-05T02:08:25","date_gmt":"2026-03-05T02:08:25","guid":{"rendered":"https:\/\/energiaquantum.com\/?page_id=3312"},"modified":"2026-03-13T20:59:12","modified_gmt":"2026-03-13T20:59:12","slug":"inversionistas","status":"publish","type":"page","link":"https:\/\/energiaquantum.com\/en\/inversionistas\/","title":{"rendered":"Investors"},"content":{"rendered":"<div data-elementor-type=\"wp-page\" data-elementor-id=\"3312\" class=\"elementor elementor-3312\" data-elementor-post-type=\"page\">\n\t\t\t\t<div class=\"elementor-element elementor-element-648dbaf e-flex e-con-boxed e-con e-parent\" data-id=\"648dbaf\" data-element_type=\"container\" data-e-type=\"container\" data-settings=\"{&quot;background_background&quot;:&quot;slideshow&quot;,&quot;background_slideshow_gallery&quot;:[],&quot;background_slideshow_loop&quot;:&quot;yes&quot;,&quot;background_slideshow_slide_duration&quot;:5000,&quot;background_slideshow_slide_transition&quot;:&quot;fade&quot;,&quot;background_slideshow_transition_duration&quot;:500}\">\n\t\t\t\t\t<div class=\"e-con-inner\">\n\t\t\t\t\t<\/div>\n\t\t\t\t<\/div>\n\t\t<div class=\"elementor-element elementor-element-74d2742 e-flex e-con-boxed e-con e-parent\" data-id=\"74d2742\" data-element_type=\"container\" data-e-type=\"container\" data-no-translation=\"\">\n\t\t\t\t\t<div class=\"e-con-inner\">\n\t\t<div class=\"elementor-element elementor-element-ddca269 e-con-full e-flex e-con e-child\" data-id=\"ddca269\" data-element_type=\"container\" data-e-type=\"container\" data-settings=\"{&quot;background_background&quot;:&quot;classic&quot;}\">\n\t\t\t\t<div class=\"elementor-element elementor-element-41437bd elementor-widget elementor-widget-heading\" data-id=\"41437bd\" data-element_type=\"widget\" data-e-type=\"widget\" data-widget_type=\"heading.default\">\n\t\t\t\t<div class=\"elementor-widget-container\">\n\t\t\t\t\t<h2 class=\"elementor-heading-title elementor-size-default\">Log In<\/h2>\t\t\t\t<\/div>\n\t\t\t\t<\/div>\n\t\t\t\t<div class=\"elementor-element elementor-element-24a2d77 elementor-button-align-center elementor-widget elementor-widget-login\" data-id=\"24a2d77\" data-element_type=\"widget\" data-e-type=\"widget\" data-widget_type=\"login.default\">\n\t\t\t\t<div class=\"elementor-widget-container\">\n\t\t\t\t\t\t\t<form class=\"elementor-login elementor-form\" method=\"post\" action=\"https:\/\/energiaquantum.com\/wp-login.php\" aria-label=\"Login form\">\n\t\t\t<input type=\"hidden\" name=\"redirect_to\" value=\"https:\/\/energiaquantum.com\/en\/inversionistas\">\n\t\t\t<div class=\"elementor-form-fields-wrapper\">\n\t\t\t\t<div class=\"elementor-field-type-text elementor-field-group elementor-column elementor-col-100 elementor-field-required\">\n\t\t\t\t\t<label for=\"user-24a2d77\" class=\"elementor-field-label\"><\/label>\n\t\t\t\t\t<input size=\"1\" type=\"text\" name=\"log\" id=\"user-24a2d77\" placeholder=\"Email\" class=\"elementor-field elementor-field-textual elementor-size-sm\">\n\t\t\t\t<\/div>\n\t\t\t\t<div class=\"elementor-field-type-text elementor-field-group elementor-column elementor-col-100 elementor-field-required\">\n\t\t\t\t\t<label for=\"password-24a2d77\" class=\"elementor-field-label\"><\/label>\n\t\t\t\t\t<input size=\"1\" type=\"password\" name=\"pwd\" id=\"password-24a2d77\" placeholder=\"Password\" class=\"elementor-field elementor-field-textual elementor-size-sm\">\n\t\t\t\t<\/div>\n\n\t\t\t\t\n\t\t\t\t<div class=\"elementor-field-group elementor-column elementor-field-type-submit elementor-col-100\">\n\t\t\t\t\t<button type=\"submit\" class=\"elementor-size-sm elementor-button\" name=\"wp-submit\">\n\t\t\t\t\t\t\t\t\t\t\t\t\t\t\t<span class=\"elementor-button-text\">Log in<\/span>\n\t\t\t\t\t\t\t\t\t\t\t\t<\/button>\n\t\t\t\t<\/div>\n\n\t\t\t\t\t\t\t<\/div>\n\t\t<\/form>\n\t\t\t\t\t\t<\/div>\n\t\t\t\t<\/div>\n\t\t\t\t<div class=\"elementor-element elementor-element-c7a1ab4 elementor-align-center elementor-widget elementor-widget-button\" data-id=\"c7a1ab4\" data-element_type=\"widget\" data-e-type=\"widget\" data-widget_type=\"button.default\">\n\t\t\t\t<div class=\"elementor-widget-container\">\n\t\t\t\t\t\t\t\t\t<div class=\"elementor-button-wrapper\">\n\t\t\t\t\t<a class=\"elementor-button elementor-button-link elementor-size-sm\" href=\"https:\/\/quantumenergia.com\/registro\/\">\n\t\t\t\t\t\t<span class=\"elementor-button-content-wrapper\">\n\t\t\t\t\t\t\t\t\t<span class=\"elementor-button-text\">Create Account<\/span>\n\t\t\t\t\t<\/span>\n\t\t\t\t\t<\/a>\n\t\t\t\t<\/div>\n\t\t\t\t\t\t\t\t<\/div>\n\t\t\t\t<\/div>\n\t\t\t\t<\/div>\n\t\t<div class=\"elementor-element elementor-element-baf3a8b e-con-full elementor-hidden-mobile e-flex e-con e-child\" data-id=\"baf3a8b\" data-element_type=\"container\" data-e-type=\"container\" data-settings=\"{&quot;background_background&quot;:&quot;classic&quot;}\">\n\t\t\t\t<div class=\"elementor-element elementor-element-430c847 elementor-widget elementor-widget-image\" data-id=\"430c847\" data-element_type=\"widget\" data-e-type=\"widget\" data-widget_type=\"image.default\">\n\t\t\t\t<div class=\"elementor-widget-container\">\n\t\t\t\t\t\t\t\t\t\t\t\t\t\t\t<img fetchpriority=\"high\" decoding=\"async\" width=\"504\" height=\"638\" src=\"https:\/\/energiaquantum.com\/wp-content\/uploads\/2025\/01\/image.png\" class=\"attachment-large size-large wp-image-1501\" alt=\"\" srcset=\"https:\/\/energiaquantum.com\/wp-content\/uploads\/2025\/01\/image.png 504w, https:\/\/energiaquantum.com\/wp-content\/uploads\/2025\/01\/image-237x300.png 237w, https:\/\/energiaquantum.com\/wp-content\/uploads\/2025\/01\/image-9x12.png 9w\" sizes=\"(max-width: 504px) 100vw, 504px\" \/>\t\t\t\t\t\t\t\t\t\t\t\t\t\t\t<\/div>\n\t\t\t\t<\/div>\n\t\t\t\t<\/div>\n\t\t\t\t\t<\/div>\n\t\t\t\t<\/div>\n\t\t\t\t<\/div>","protected":false},"excerpt":{"rendered":"<p>Iniciar sesi\u00f3n CREAR CUENTA Log In Create Account Kit de inversionistas Informaci\u00f3nfinanciera 2025 2024 4T25 3T25 2T25 1T25 Reporte trimestral Estadosfinancieros combinados Estadosfinancieros FIEMEX Presentaci\u00f3n (s\u00f3lo disponible en ingl\u00e9s) Grabaci\u00f3n\u00a0 4T24 3T24 2T24 1T24 Auditados Reporte trimestral Estadosfinancieros (s\u00f3lo disponible en ingl\u00e9s) Presentaci\u00f3n (s\u00f3lo disponible en ingl\u00e9s) Grabaci\u00f3n\u00a0 (s\u00f3lo disponible en ingl\u00e9s) 4T25 3T25 2T25 [&hellip;]<\/p>\n","protected":false},"author":1,"featured_media":0,"parent":0,"menu_order":0,"comment_status":"closed","ping_status":"closed","template":"","meta":{"footnotes":""},"class_list":["post-3312","page","type-page","status-publish","hentry"],"_links":{"self":[{"href":"https:\/\/energiaquantum.com\/en\/wp-json\/wp\/v2\/pages\/3312","targetHints":{"allow":["GET"]}}],"collection":[{"href":"https:\/\/energiaquantum.com\/en\/wp-json\/wp\/v2\/pages"}],"about":[{"href":"https:\/\/energiaquantum.com\/en\/wp-json\/wp\/v2\/types\/page"}],"author":[{"embeddable":true,"href":"https:\/\/energiaquantum.com\/en\/wp-json\/wp\/v2\/users\/1"}],"replies":[{"embeddable":true,"href":"https:\/\/energiaquantum.com\/en\/wp-json\/wp\/v2\/comments?post=3312"}],"version-history":[{"count":60,"href":"https:\/\/energiaquantum.com\/en\/wp-json\/wp\/v2\/pages\/3312\/revisions"}],"predecessor-version":[{"id":3385,"href":"https:\/\/energiaquantum.com\/en\/wp-json\/wp\/v2\/pages\/3312\/revisions\/3385"}],"wp:attachment":[{"href":"https:\/\/energiaquantum.com\/en\/wp-json\/wp\/v2\/media?parent=3312"}],"curies":[{"name":"wp","href":"https:\/\/api.w.org\/{rel}","templated":true}]}}