{"id":31,"date":"2024-12-02T18:07:31","date_gmt":"2024-12-02T18:07:31","guid":{"rendered":"https:\/\/silviar34.sg-host.com\/?page_id=31"},"modified":"2025-03-13T12:33:27","modified_gmt":"2025-03-13T12:33:27","slug":"retencion-de-talento","status":"publish","type":"page","link":"https:\/\/energiaquantum.com\/en\/retencion-de-talento\/","title":{"rendered":"Retenci\u00f3n de Talento"},"content":{"rendered":"<div data-elementor-type=\"wp-page\" data-elementor-id=\"31\" class=\"elementor elementor-31\" data-elementor-post-type=\"page\">\n\t\t\t\t<div class=\"elementor-element elementor-element-7485167 e-flex e-con-boxed e-con e-parent\" data-id=\"7485167\" data-element_type=\"container\" data-e-type=\"container\" data-settings=\"{&quot;background_background&quot;:&quot;slideshow&quot;,&quot;background_slideshow_ken_burns&quot;:&quot;yes&quot;,&quot;background_slideshow_gallery&quot;:[],&quot;background_slideshow_loop&quot;:&quot;yes&quot;,&quot;background_slideshow_slide_duration&quot;:5000,&quot;background_slideshow_slide_transition&quot;:&quot;fade&quot;,&quot;background_slideshow_transition_duration&quot;:500,&quot;background_slideshow_ken_burns_zoom_direction&quot;:&quot;in&quot;}\">\n\t\t\t\t\t<div class=\"e-con-inner\">\n\t\t\t\t<div class=\"elementor-element elementor-element-85a9ace elementor-widget elementor-widget-heading\" data-id=\"85a9ace\" data-element_type=\"widget\" data-e-type=\"widget\" data-widget_type=\"heading.default\">\n\t\t\t\t<div class=\"elementor-widget-container\">\n\t\t\t\t\t<h1 class=\"elementor-heading-title elementor-size-default\">Work with<br> us<\/h1>\t\t\t\t<\/div>\n\t\t\t\t<\/div>\n\t\t<div class=\"elementor-element elementor-element-1747a5c e-con-full e-flex e-con e-child\" data-id=\"1747a5c\" data-element_type=\"container\" data-e-type=\"container\" data-settings=\"{&quot;background_background&quot;:&quot;classic&quot;}\">\n\t\t<div class=\"elementor-element elementor-element-786c85d e-con-full e-flex e-con e-child\" data-id=\"786c85d\" data-element_type=\"container\" data-e-type=\"container\">\n\t\t<div class=\"elementor-element elementor-element-85d641d e-con-full e-flex e-con e-child\" data-id=\"85d641d\" data-element_type=\"container\" data-e-type=\"container\">\n\t\t\t\t<div class=\"elementor-element elementor-element-e6ad5e3 elementor-invisible elementor-widget elementor-widget-text-editor\" data-id=\"e6ad5e3\" data-element_type=\"widget\" data-e-type=\"widget\" data-settings=\"{&quot;_animation&quot;:&quot;fadeInUp&quot;}\" data-widget_type=\"text-editor.default\">\n\t\t\t\t<div class=\"elementor-widget-container\">\n\t\t\t\t\t\t\t\t\t<p>Why Quantum Energ\u00eda?<\/p>\t\t\t\t\t\t\t\t<\/div>\n\t\t\t\t<\/div>\n\t\t\t\t<\/div>\n\t\t<div class=\"elementor-element elementor-element-b05f7eb e-con-full elementor-hidden-tablet elementor-hidden-mobile e-flex e-con e-child\" data-id=\"b05f7eb\" data-element_type=\"container\" data-e-type=\"container\">\n\t\t\t\t<\/div>\n\t\t\t\t<\/div>\n\t\t\t\t<\/div>\n\t\t\t\t\t<\/div>\n\t\t\t\t<\/div>\n\t\t<div class=\"elementor-element elementor-element-092c3a8 e-flex e-con-boxed e-con e-parent\" data-id=\"092c3a8\" data-element_type=\"container\" data-e-type=\"container\" data-settings=\"{&quot;background_background&quot;:&quot;classic&quot;}\">\n\t\t\t\t\t<div class=\"e-con-inner\">\n\t\t<div class=\"elementor-element elementor-element-80bdfab e-con-full e-flex e-con e-child\" data-id=\"80bdfab\" data-element_type=\"container\" data-e-type=\"container\" data-settings=\"{&quot;background_background&quot;:&quot;classic&quot;}\">\n\t\t<div class=\"elementor-element elementor-element-90efa65 e-con-full e-flex e-con e-child\" data-id=\"90efa65\" data-element_type=\"container\" data-e-type=\"container\">\n\t\t<div class=\"elementor-element elementor-element-7673aa9 e-con-full e-flex elementor-invisible e-con e-child\" data-id=\"7673aa9\" data-element_type=\"container\" data-e-type=\"container\" data-settings=\"{&quot;animation&quot;:&quot;fadeInLeft&quot;}\">\n\t\t\t\t<div class=\"elementor-element elementor-element-56e05b6 elementor-widget elementor-widget-text-editor\" data-id=\"56e05b6\" data-element_type=\"widget\" data-e-type=\"widget\" data-widget_type=\"text-editor.default\">\n\t\t\t\t<div class=\"elementor-widget-container\">\n\t\t\t\t\t\t\t\t\t<p class=\"translation-block\">At Quantum Energ\u00eda, we offer a <strong>dynamic and enriching work environment<\/strong> where everyone has the opportunity to grow and contribute to the future of the energy sector.<\/p>\t\t\t\t\t\t\t\t<\/div>\n\t\t\t\t<\/div>\n\t\t\t\t<div class=\"elementor-element elementor-element-9a03f97 elementor-widget elementor-widget-text-editor\" data-id=\"9a03f97\" data-element_type=\"widget\" data-e-type=\"widget\" data-widget_type=\"text-editor.default\">\n\t\t\t\t<div class=\"elementor-widget-container\">\n\t\t\t\t\t\t\t\t\t<p>We stand out as an ideal place to gain professional experience, providing internship programs designed to develop the next generation of energy sector leaders.<\/p>\t\t\t\t\t\t\t\t<\/div>\n\t\t\t\t<\/div>\n\t\t\t\t<\/div>\n\t\t<div class=\"elementor-element elementor-element-3c6057e e-con-full e-flex elementor-invisible e-con e-child\" data-id=\"3c6057e\" data-element_type=\"container\" data-e-type=\"container\" data-settings=\"{&quot;animation&quot;:&quot;fadeInRight&quot;}\">\n\t\t\t\t<div class=\"elementor-element elementor-element-e966569 elementor-hidden-mobile elementor-widget elementor-widget-image\" data-id=\"e966569\" data-element_type=\"widget\" data-e-type=\"widget\" data-widget_type=\"image.default\">\n\t\t\t\t<div class=\"elementor-widget-container\">\n\t\t\t\t\t\t\t\t\t\t\t\t\t\t\t<img fetchpriority=\"high\" decoding=\"async\" width=\"420\" height=\"586\" src=\"https:\/\/energiaquantum.com\/wp-content\/uploads\/2025\/03\/image-5.png\" class=\"attachment-large size-large wp-image-2662\" alt=\"\" srcset=\"https:\/\/energiaquantum.com\/wp-content\/uploads\/2025\/03\/image-5.png 420w, https:\/\/energiaquantum.com\/wp-content\/uploads\/2025\/03\/image-5-215x300.png 215w, https:\/\/energiaquantum.com\/wp-content\/uploads\/2025\/03\/image-5-9x12.png 9w\" sizes=\"(max-width: 420px) 100vw, 420px\" \/>\t\t\t\t\t\t\t\t\t\t\t\t\t\t\t<\/div>\n\t\t\t\t<\/div>\n\t\t\t\t<div class=\"elementor-element elementor-element-2090db8 elementor-hidden-desktop elementor-hidden-tablet elementor-widget elementor-widget-image\" data-id=\"2090db8\" data-element_type=\"widget\" data-e-type=\"widget\" data-widget_type=\"image.default\">\n\t\t\t\t<div class=\"elementor-widget-container\">\n\t\t\t\t\t\t\t\t\t\t\t\t\t\t\t<img decoding=\"async\" width=\"800\" height=\"800\" src=\"https:\/\/energiaquantum.com\/wp-content\/uploads\/2025\/03\/mobile_05.jpg\" class=\"attachment-large size-large wp-image-2668\" alt=\"\" srcset=\"https:\/\/energiaquantum.com\/wp-content\/uploads\/2025\/03\/mobile_05.jpg 1024w, https:\/\/energiaquantum.com\/wp-content\/uploads\/2025\/03\/mobile_05-300x300.jpg 300w, https:\/\/energiaquantum.com\/wp-content\/uploads\/2025\/03\/mobile_05-150x150.jpg 150w, https:\/\/energiaquantum.com\/wp-content\/uploads\/2025\/03\/mobile_05-768x768.jpg 768w, https:\/\/energiaquantum.com\/wp-content\/uploads\/2025\/03\/mobile_05-12x12.jpg 12w\" sizes=\"(max-width: 800px) 100vw, 800px\" \/>\t\t\t\t\t\t\t\t\t\t\t\t\t\t\t<\/div>\n\t\t\t\t<\/div>\n\t\t\t\t<\/div>\n\t\t\t\t<\/div>\n\t\t<div class=\"elementor-element elementor-element-d86da81 e-con-full e-flex e-con e-child\" data-id=\"d86da81\" data-element_type=\"container\" data-e-type=\"container\">\n\t\t<div class=\"elementor-element elementor-element-3996761 e-con-full e-flex elementor-invisible e-con e-child\" data-id=\"3996761\" data-element_type=\"container\" data-e-type=\"container\" data-settings=\"{&quot;animation&quot;:&quot;fadeInUp&quot;}\">\n\t\t\t\t<div class=\"elementor-element elementor-element-0a53cdd elementor-widget elementor-widget-text-editor\" data-id=\"0a53cdd\" data-element_type=\"widget\" data-e-type=\"widget\" data-widget_type=\"text-editor.default\">\n\t\t\t\t<div class=\"elementor-widget-container\">\n\t\t\t\t\t\t\t\t\t<p>Be Part of Quantum<\/p>\t\t\t\t\t\t\t\t<\/div>\n\t\t\t\t<\/div>\n\t\t\t\t<\/div>\n\t\t\t\t<\/div>\n\t\t\t\t<\/div>\n\t\t\t\t\t<\/div>\n\t\t\t\t<\/div>\n\t\t<div class=\"elementor-element elementor-element-2f94c19 e-flex e-con-boxed e-con e-parent\" data-id=\"2f94c19\" data-element_type=\"container\" data-e-type=\"container\" data-settings=\"{&quot;background_background&quot;:&quot;classic&quot;}\">\n\t\t\t\t\t<div class=\"e-con-inner\">\n\t\t<div class=\"elementor-element elementor-element-78246bf e-con-full e-flex e-con e-child\" data-id=\"78246bf\" data-element_type=\"container\" data-e-type=\"container\">\n\t\t\t\t<\/div>\n\t\t<div class=\"elementor-element elementor-element-c094a88 e-con-full elementor-hidden-tablet elementor-hidden-mobile e-flex e-con e-child\" data-id=\"c094a88\" data-element_type=\"container\" data-e-type=\"container\">\n\t\t\t\t<\/div>\n\t\t<div class=\"elementor-element elementor-element-00e2cea e-con-full e-flex elementor-invisible e-con e-child\" data-id=\"00e2cea\" data-element_type=\"container\" data-e-type=\"container\" data-settings=\"{&quot;animation&quot;:&quot;fadeInUp&quot;}\">\n\t\t\t\t<div class=\"elementor-element elementor-element-a00a0ff elementor-widget elementor-widget-button\" data-id=\"a00a0ff\" data-element_type=\"widget\" data-e-type=\"widget\" data-widget_type=\"button.default\">\n\t\t\t\t<div class=\"elementor-widget-container\">\n\t\t\t\t\t\t\t\t\t<div class=\"elementor-button-wrapper\">\n\t\t\t\t\t<a class=\"elementor-button elementor-button-link elementor-size-sm\" href=\"mailto:talentoquantum@energ\u00edaquantum.com\">\n\t\t\t\t\t\t<span class=\"elementor-button-content-wrapper\">\n\t\t\t\t\t\t\t\t\t<span class=\"elementor-button-text\">VIEW JOB OPENINGS<\/span>\n\t\t\t\t\t<\/span>\n\t\t\t\t\t<\/a>\n\t\t\t\t<\/div>\n\t\t\t\t\t\t\t\t<\/div>\n\t\t\t\t<\/div>\n\t\t\t\t<\/div>\n\t\t<div class=\"elementor-element elementor-element-2321273 e-con-full elementor-hidden-tablet elementor-hidden-mobile e-flex e-con e-child\" data-id=\"2321273\" data-element_type=\"container\" data-e-type=\"container\">\n\t\t\t\t<\/div>\n\t\t<div class=\"elementor-element elementor-element-8948571 e-con-full e-flex e-con e-child\" data-id=\"8948571\" data-element_type=\"container\" data-e-type=\"container\">\n\t\t\t\t<\/div>\n\t\t\t\t\t<\/div>\n\t\t\t\t<\/div>\n\t\t\t\t<\/div>","protected":false},"excerpt":{"rendered":"<p>Trabaja con nosotros Por qu\u00e9 Quantum Energ\u00eda En Quantum Energ\u00eda ofrecemos un entorno laboral din\u00e1mico y enriquecedor, donde cada persona tiene la oportunidad de desarrollarse y contribuir al futuro del sector energ\u00e9tico. Nos destacamos como un lugar ideal para adquirir experiencia profesional, ofreciendo programas de pasant\u00edas dise\u00f1ados para formar a los futuros l\u00edderes del sector [&hellip;]<\/p>\n","protected":false},"author":1,"featured_media":0,"parent":0,"menu_order":0,"comment_status":"closed","ping_status":"closed","template":"","meta":{"footnotes":""},"class_list":["post-31","page","type-page","status-publish","hentry"],"_links":{"self":[{"href":"https:\/\/energiaquantum.com\/en\/wp-json\/wp\/v2\/pages\/31","targetHints":{"allow":["GET"]}}],"collection":[{"href":"https:\/\/energiaquantum.com\/en\/wp-json\/wp\/v2\/pages"}],"about":[{"href":"https:\/\/energiaquantum.com\/en\/wp-json\/wp\/v2\/types\/page"}],"author":[{"embeddable":true,"href":"https:\/\/energiaquantum.com\/en\/wp-json\/wp\/v2\/users\/1"}],"replies":[{"embeddable":true,"href":"https:\/\/energiaquantum.com\/en\/wp-json\/wp\/v2\/comments?post=31"}],"version-history":[{"count":0,"href":"https:\/\/energiaquantum.com\/en\/wp-json\/wp\/v2\/pages\/31\/revisions"}],"wp:attachment":[{"href":"https:\/\/energiaquantum.com\/en\/wp-json\/wp\/v2\/media?parent=31"}],"curies":[{"name":"wp","href":"https:\/\/api.w.org\/{rel}","templated":true}]}}