{"id":173,"date":"2024-12-02T21:38:27","date_gmt":"2024-12-02T21:38:27","guid":{"rendered":"https:\/\/silviar34.sg-host.com\/?page_id=173"},"modified":"2025-02-24T17:19:07","modified_gmt":"2025-02-24T17:19:07","slug":"politica-de-privacidad","status":"publish","type":"page","link":"https:\/\/energiaquantum.com\/en\/politica-de-privacidad\/","title":{"rendered":"Pol\u00edtica de privacidad"},"content":{"rendered":"<div data-elementor-type=\"wp-page\" data-elementor-id=\"173\" class=\"elementor elementor-173\" data-elementor-post-type=\"page\">\n\t\t\t\t<div class=\"elementor-element elementor-element-1f2fef5 e-flex e-con-boxed e-con e-parent\" data-id=\"1f2fef5\" data-element_type=\"container\" data-e-type=\"container\" data-settings=\"{&quot;background_background&quot;:&quot;slideshow&quot;,&quot;background_slideshow_gallery&quot;:[],&quot;background_slideshow_loop&quot;:&quot;yes&quot;,&quot;background_slideshow_slide_duration&quot;:5000,&quot;background_slideshow_slide_transition&quot;:&quot;fade&quot;,&quot;background_slideshow_transition_duration&quot;:500}\">\n\t\t\t\t\t<div class=\"e-con-inner\">\n\t\t\t\t<div class=\"elementor-element elementor-element-14cdd34 elementor-widget elementor-widget-heading\" data-id=\"14cdd34\" data-element_type=\"widget\" data-e-type=\"widget\" data-widget_type=\"heading.default\">\n\t\t\t\t<div class=\"elementor-widget-container\">\n\t\t\t\t\t<h1 class=\"elementor-heading-title elementor-size-default\">Aviso de <br>\nprivacidad<\/h1>\t\t\t\t<\/div>\n\t\t\t\t<\/div>\n\t\t<div class=\"elementor-element elementor-element-7645f8f e-con-full e-flex e-con e-child\" data-id=\"7645f8f\" data-element_type=\"container\" data-e-type=\"container\" data-settings=\"{&quot;background_background&quot;:&quot;classic&quot;}\">\n\t\t<div class=\"elementor-element elementor-element-92eb0be e-con-full e-flex e-con e-child\" data-id=\"92eb0be\" data-element_type=\"container\" data-e-type=\"container\">\n\t\t<div class=\"elementor-element elementor-element-ecafea1 e-con-full e-flex e-con e-child\" data-id=\"ecafea1\" data-element_type=\"container\" data-e-type=\"container\">\n\t\t\t\t<div class=\"elementor-element elementor-element-a58fe3b elementor-invisible elementor-widget elementor-widget-text-editor\" data-id=\"a58fe3b\" data-element_type=\"widget\" data-e-type=\"widget\" data-settings=\"{&quot;_animation&quot;:&quot;fadeInUp&quot;}\" data-widget_type=\"text-editor.default\">\n\t\t\t\t<div class=\"elementor-widget-container\">\n\t\t\t\t\t\t\t\t\t<p>AVISO DE PRIVACIDAD INTEGRAL DE OPERADORA QUANTUM ENERG\u00cdA<\/p>\t\t\t\t\t\t\t\t<\/div>\n\t\t\t\t<\/div>\n\t\t\t\t<div class=\"elementor-element elementor-element-322140f elementor-invisible elementor-widget elementor-widget-text-editor\" data-id=\"322140f\" data-element_type=\"widget\" data-e-type=\"widget\" data-settings=\"{&quot;_animation&quot;:&quot;fadeInUp&quot;}\" data-widget_type=\"text-editor.default\">\n\t\t\t\t<div class=\"elementor-widget-container\">\n\t\t\t\t\t\t\t\t\t<p><strong>OPERADORA QUANTUM ENERG\u00cdA S.A.P.I. de C.V<\/strong>. en car\u00e1cter de <strong>Responsable del tratamiento de los datos<\/strong> personales que usted proporciona, pone a su disposici\u00f3n el presente Aviso de Privacidad Integral, el cual ha sido elaborado en apego a la Ley Federal de Protecci\u00f3n de Datos Personales en Posesi\u00f3n de los Particulares (LFPDPPP) y su regulaci\u00f3n secundaria.<\/p><p><strong>IDENTIFICACI\u00d3N DEL RESPONSABLE<\/strong><br \/><strong>OPERADORA QUANTUM ENERG\u00cdA<\/strong> con nombre comercial: QE, giro de negocio: administrador de generadores de energ\u00eda privada en M\u00e9xico, con sitio web: pendiente, domicilio en Sierra Gorda 42 Piso 6 Colonia Lomas de Chapultepec Alcald\u00eda Miguel Hidalgo C.P. 11000 CDMX, correo electr\u00f3nico: <span style=\"text-decoration: underline;\"><span style=\"color: #004976; text-decoration: underline;\"><a style=\"color: #004976; text-decoration: underline;\" href=\"mailto:arco@energiaquantum.com\">arco@energiaquantum.com<\/a><\/span><\/span> \u00a0y con horario de atenci\u00f3n de 9 a 6 PM de lunes a viernes.<\/p><p><strong>P\u00daBLICO AL QUE DIRIGIMOS ESTE AVISO DE PRIVACIDAD<\/strong><br \/>Este Aviso de Privacidad en su versi\u00f3n Integral est\u00e1 dirigido a los usuarios que solicitan su acceso a las instalaciones de OPERADORA QUANTUM ENERG\u00cdA.<\/p><p><strong>DATOS PERSONALES <\/strong><br \/><strong>Lista de datos personales sujetos a tratamiento<\/strong>\u2028<\/p><p>En OPERADORA QUANTUM ENERG\u00cdA realizamos el tratamiento de diversas categor\u00edas de datos personales. Para su mejor entendimiento, a continuaci\u00f3n, detallamos cu\u00e1les categor\u00edas y datos personales espec\u00edficos son las que est\u00e1n bajo nuestro tratamiento:<\/p><ul><li>Categor\u00eda.<\/li><li>Datos personales del representante legal de la personas moral o f\u00edsica.<\/li><li>Datos de identificaci\u00f3n.<\/li><li>Nombre, firma, fotograf\u00eda.<\/li><\/ul><p><strong>Datos Personales Sensibles<\/strong><br \/>Le informamos que recabamos y realizamos el tratamiento de datos como la fotograf\u00eda y la imagen de las personas que ingresan y transitan por las instalaciones de OPERADORA QUANTUM ENERG\u00cdA y zona perimetral, la cual, en ciertos contextos, podr\u00eda resultar un dato personal sensible. Se informa que no es necesario recabar su consentimiento para el tratamiento de sus datos personales, en t\u00e9rminos del art\u00edculo 10, fracci\u00f3n V de la Ley Federal de Protecci\u00f3n de Datos Personales en Posesi\u00f3n de los Particulares. En caso de que sea requerido un cambio al respecto, le haremos de su conocimiento dicha modificaci\u00f3n en nuestro Aviso de Privacidad Integral.<\/p><p><strong>\u00bfC\u00f3mo obtenemos sus datos personales?<\/strong><br \/>En forma directa: \u00a0A trav\u00e9s del formato a llenar.<\/p><p><strong>FINALIDADES DEL TRATAMIENTO DE DATOS PERSONALES<\/strong><br \/>Las finalidades son aquellas que motivan el tratamiento de sus datos personales, para su entendimiento y por disposici\u00f3n de ley se clasifican en primarias y secundarias.<\/p><p><strong>Finalidades primarias<\/strong><br \/>La finalidad primaria es aquella que es necesaria para el desarrollo de una obligaci\u00f3n jur\u00eddica o del motivo principal por el cual existe una relaci\u00f3n entre el Titular (usted) y el Responsable (nosotros), si usted se opone a alguna de estas finalidades, OPERADORA QUANTUM ENERG\u00cdA estar\u00e1 impedido a proporcionarle los servicios indicados.\u00a0<\/p><p>Las finalidades primarias del tratamiento al que ser\u00e1 sometida la informaci\u00f3n personal que usted nos proporciona son:<\/p><ul><li>Conocer\u00a0 a nuestros proveedores, realizar estudios de bench marking, identificar mejores \u00a0propuestas, recepci\u00f3n de contactos.<\/li><\/ul><p><strong>Finalidades secundarias<\/strong><br \/>La finalidad secundaria es aquella que no es necesaria para el desarrollo de una relaci\u00f3n jur\u00eddica entre el Titular (usted) y el Responsable (nosotros). Le informamos que no realizamos tratamiento de sus datos personales para finalidades secundarias.<\/p><p><strong>TRANSFERENCIAS DE DATOS PERSONALES<\/strong><br \/>No realizamos transferencia nacional ni internacional de sus datos personales a terceros.<\/p><p><strong>DERECHOS DE ACCESO, RECTIFICACI\u00d3N, CANCELACI\u00d3N Y OPOSICI\u00d3N (ARCO)<\/strong><br \/><strong>\u00bfQu\u00e9 son los Derechos ARCO?<\/strong><br \/>Usted tiene derecho a conocer qu\u00e9 datos personales tenemos de usted, para qu\u00e9 los utilizamos y las condiciones del uso que les damos (Acceso). Asimismo, es su derecho solicitar la correcci\u00f3n de su informaci\u00f3n personal en caso de que est\u00e9 desactualizada, sea inexacta o incompleta (Rectificaci\u00f3n); que la eliminemos de nuestros registros o bases de datos cuando considere que la misma no est\u00e1 siendo utilizada conforme a los principios, deberes y obligaciones previstas en la normativa (Cancelaci\u00f3n); as\u00ed como oponerse al uso de sus datos personales para fines espec\u00edficos (Oposici\u00f3n). Estos derechos se conocen como derechos ARCO.<\/p><p><strong>Medios para ejercer los Derechos ARCO<\/strong><br \/>Para el ejercicio de cualesquiera de los derechos ARCO, deber\u00e1 realizar en forma personal siguiendo el procedimiento que se indica en la secci\u00f3n \u201cProcedimiento para Ejercer los Derechos ARCO\u201d de este Aviso.<\/p><p><strong>Procedimiento para Ejercer los Derechos ARCO<\/strong><br \/>Para el ejercicio de cualesquiera de los derechos ARCO, deber\u00e1 realizar en forma personal de acuerdo con el procedimiento que se detalla en esta secci\u00f3n.<\/p><p>El titular de los datos personales deber\u00e1 enviarlo v\u00eda correo electr\u00f3nico a la direcci\u00f3n arco@energiaquantum.com, su escrito deber\u00e1 estar dirigido al Comit\u00e9 de Protecci\u00f3n de Datos Personales del Responsable con los siguientes datos:<\/p><ul><li>Nombre completo del titular de los datos personales.<\/li><li>Formas de contactarlo y comunicarle la respuesta, ya sea cualquiera de los siguientes:<ul><li>Direcci\u00f3n para recibir mensajer\u00eda del servicio postal mexicano (SEPOMEX).<\/li><li>N\u00famero de tel\u00e9fono particular.<\/li><li>N\u00famero de tel\u00e9fono celular.<\/li><li>Direcci\u00f3n de correo electr\u00f3nico.<\/li><\/ul><\/li><li>Menci\u00f3n clara y precisa del derecho que busca ejercer, debiendo se\u00f1alar uno a la vez.<\/li><li>Identificaci\u00f3n oficial vigente (credencial para votar, pasaporte, credencial de afiliaci\u00f3n al seguro social, c\u00e9dula profesional o cartilla del Servicio Militar Nacional), la cual deber\u00e1 de presentarse en original y copia para su cotejo. Si su solicitud es enviada por v\u00eda electr\u00f3nica, deber\u00e1 adjuntar su identificaci\u00f3n escaneada donde aparezca su foto, nombre completo, n\u00famero de identificaci\u00f3n y firma.<\/li><li>En caso de no ser usted el titular de los datos personales, deber\u00e1 adjuntar el documento que lo acredite como representante legal (carta poder debidamente otorgada ante fedatario p\u00fablico).<\/li><li>En caso de solicitar cambios derivados de correcciones o actualizaciones, deber\u00e1 presentar el documento legal que acredite este hecho.<br \/>Informaci\u00f3n adicional y precisa que nos facilite la b\u00fasqueda de los datos solicitados, se\u00f1alando &#8211; en medida de lo posible &#8211; aquellos que nos haya proporcionado y\/o el periodo en el que fueron proporcionados.<\/li><li>Firma aut\u00f3grafa, la cual deber\u00e1 de coincidir con la identificaci\u00f3n oficial que presente para realizar el tr\u00e1mite.<\/li><\/ul><p>En un plazo no mayor a cinco (5) d\u00edas h\u00e1biles siguientes a recibir su solicitud, en caso de que exista una duda o sea necesaria m\u00e1s informaci\u00f3n para dar atenci\u00f3n a su solicitud, lo contactaremos a efectos de comunicarle dicha situaci\u00f3n. La respuesta a nuestra solicitud deber\u00e1 hacerla en un plazo que no deber\u00e1 exceder de diez (10) d\u00edas h\u00e1biles.<\/p><p>En un plazo no mayor a veinte (20) d\u00edas h\u00e1biles siguientes a recibir su solicitud, o posteriores a haber respondido las aclaraciones solicitadas por nuestra parte, lo contactaremos a efectos de comunicarle la respuesta a su solicitud, esta respuesta ser\u00e1 entregada de manera personal en nuestro domicilio, previa acreditaci\u00f3n del titular o de su representante, o en su caso en el correo electr\u00f3nico se\u00f1alado en su solicitud original.<\/p><p>Para m\u00e1s informaci\u00f3n acerca de este Aviso de Privacidad o cualquier duda sobre como ejercer sus Derechos de Acceso, Rectificaci\u00f3n, Cancelaci\u00f3n y Oposici\u00f3n (ARCO), limitar el uso o Revocar su consentimiento, deber\u00e1 enviar un correo electr\u00f3nico a: arco@energiaquantum.com con el asunto \u201cInformaci\u00f3n de Derechos ARCO\u201d.<\/p><p><strong>MECANISMO PARA REVOCAR EL CONSENTIMIENTO OTORGADO PARA EL TRATAMIENTO DE SUS DATOS PERSONALES<\/strong><br \/>En caso de que quiera revocar el consentimiento al tratamiento de sus datos personales, deber\u00e1 realizar el mismo procedimiento que est\u00e1 establecido en la secci\u00f3n \u201cDerechos de Acceso, Rectificaci\u00f3n, Cancelaci\u00f3n y Oposici\u00f3n (ARCO)\u201d.<\/p><p>Su solicitud quedar\u00e1 sujeta a revisi\u00f3n de nuestro Comit\u00e9 de Protecci\u00f3n de Datos Personales; en caso de que no se cumpla con una excepci\u00f3n de ley o no exista alguna disposici\u00f3n jur\u00eddica que nos sujete a realizar el tratamiento de sus datos personales, su solicitud ser\u00e1 procedente y le ser\u00e1 comunicada la decisi\u00f3n en un t\u00e9rmino de 10 d\u00edas h\u00e1biles.<\/p><p><strong>LIMITACI\u00d3N PARA USO Y DIVULGACI\u00d3N DE DATOS PERSONALES<\/strong><br \/>Para el caso de las personas que soliciten su ingreso a las instalaciones de OPERADORA QUANTUM ENERG\u00cdA, las finalidades primarias no est\u00e1n sujetas a la limitaci\u00f3n del uso y\/o divulgaci\u00f3n de datos personales. Usted en cualquier momento tiene la opci\u00f3n de presentar su solicitud de limitaci\u00f3n al uso y\/o divulgaci\u00f3n de datos personales presentando un escrito libre en el domicilio indicado anteriormente y dirigida al Comit\u00e9 de Protecci\u00f3n de Datos Personales se\u00f1alando en su solicitud el alcance de la limitaci\u00f3n al uso o divulgaci\u00f3n que quiere establecer, acompa\u00f1ado de una copia simple de su identificaci\u00f3n oficial y debiendo presentarla en original al momento de presentar su escrito.<\/p><p>Su solicitud quedar\u00e1 sujeta a revisi\u00f3n de nuestro Comit\u00e9 de Protecci\u00f3n de Datos Personales; en caso de que no se cumpla con una excepci\u00f3n de ley o no exista alguna disposici\u00f3n jur\u00eddica que nos sujete a realizar el tratamiento de sus datos personales, su solicitud ser\u00e1 procedente y le ser\u00e1 comunicada la decisi\u00f3n en un t\u00e9rmino de 10 d\u00edas h\u00e1biles.<\/p><p><strong>AUTORIDAD COMPETENTE<\/strong><br \/>Tras haber ejercido sus Derechos de Acceso, Rectificaci\u00f3n, Cancelaci\u00f3n u Oposici\u00f3n (ARCO); haber limitado el uso o divulgaci\u00f3n de sus datos personales, o haber revocado su consentimiento de sus datos personales, s\u00ed usted considera que hemos realizado alguna omisi\u00f3n o alguna acci\u00f3n violatoria a lo establecido en la Ley Federal de Protecci\u00f3n de Datos Personales en Posesi\u00f3n de los Particulares, le informamos que la autoridad mexicana competente ante la cual deber\u00e1 interponer su denuncia o inconformidad es el Instituto Nacional de Transparencia, Acceso a la Informaci\u00f3n y Protecci\u00f3n de Datos Personales (INAI).<\/p><p><strong>ACTUALIZACIONES<\/strong><br \/>Este Aviso de Privacidad Integral ser\u00e1 actualizado en tiempo futuro derivado de modificaciones al marco jur\u00eddico en materia de protecci\u00f3n de datos personales, cambios en el modelo de negocio, nuevos datos personales que se recaben y\/o cambio en las finalidades.<\/p><p>Las actualizaciones y modificaciones que se realicen al presente Aviso de Privacidad Integral se har\u00e1n de su conocimiento a trav\u00e9s de una comunicaci\u00f3n que ser\u00e1 enviada a la cuenta de correo electr\u00f3nico corporativa.<\/p><p><strong>Fecha de \u00faltima actualizaci\u00f3n:<\/strong> 30 de octubre de 2024.<\/p>\t\t\t\t\t\t\t\t<\/div>\n\t\t\t\t<\/div>\n\t\t\t\t<\/div>\n\t\t\t\t<\/div>\n\t\t\t\t<\/div>\n\t\t\t\t\t<\/div>\n\t\t\t\t<\/div>\n\t\t\t\t<\/div>","protected":false},"excerpt":{"rendered":"<p>Aviso de privacidad AVISO DE PRIVACIDAD INTEGRAL DE OPERADORA QUANTUM ENERG\u00cdA OPERADORA QUANTUM ENERG\u00cdA S.A.P.I. de C.V. en car\u00e1cter de Responsable del tratamiento de los datos personales que usted proporciona, pone a su disposici\u00f3n el presente Aviso de Privacidad Integral, el cual ha sido elaborado en apego a la Ley Federal de Protecci\u00f3n de Datos [&hellip;]<\/p>\n","protected":false},"author":1,"featured_media":0,"parent":0,"menu_order":0,"comment_status":"closed","ping_status":"closed","template":"","meta":{"footnotes":""},"class_list":["post-173","page","type-page","status-publish","hentry"],"_links":{"self":[{"href":"https:\/\/energiaquantum.com\/en\/wp-json\/wp\/v2\/pages\/173","targetHints":{"allow":["GET"]}}],"collection":[{"href":"https:\/\/energiaquantum.com\/en\/wp-json\/wp\/v2\/pages"}],"about":[{"href":"https:\/\/energiaquantum.com\/en\/wp-json\/wp\/v2\/types\/page"}],"author":[{"embeddable":true,"href":"https:\/\/energiaquantum.com\/en\/wp-json\/wp\/v2\/users\/1"}],"replies":[{"embeddable":true,"href":"https:\/\/energiaquantum.com\/en\/wp-json\/wp\/v2\/comments?post=173"}],"version-history":[{"count":0,"href":"https:\/\/energiaquantum.com\/en\/wp-json\/wp\/v2\/pages\/173\/revisions"}],"wp:attachment":[{"href":"https:\/\/energiaquantum.com\/en\/wp-json\/wp\/v2\/media?parent=173"}],"curies":[{"name":"wp","href":"https:\/\/api.w.org\/{rel}","templated":true}]}}